{"id":16037,"date":"2022-05-10T21:13:21","date_gmt":"2022-05-10T21:13:21","guid":{"rendered":"https:\/\/training.assetscience.com\/?page_id=16037"},"modified":"2022-05-11T15:58:12","modified_gmt":"2022-05-11T15:58:12","slug":"flux-de-produit","status":"publish","type":"page","link":"https:\/\/training.assetscience.com\/fr\/flux-de-produit\/","title":{"rendered":"Flux de Produit"},"content":{"rendered":"\n<div class=\"wp-block-qubely-row qubely-section qubely-block-16dd91\"><div class=\"qubely-row-overlay\"><\/div><div class=\"qubely-container\"><div class=\"qubely-row \">\n<div class=\"wp-block-qubely-column qubely-column qubely-column-front qubely-block-9b497e\"><div class=\"qubely-column-inner\">\n<div class=\"wp-block-qubely-heading qubely-block-714568\"><div class=\"qubely-block-heading  \"><div class=\"qubely-heading-container\"><h2 class=\"qubely-heading-selector\">Pro-Diagnostics <br>Flux de Produit<\/h2><\/div><\/div><\/div>\n\n\n\n<div class=\"wp-block-image\"><figure class=\"aligncenter size-large\"><img loading=\"lazy\" width=\"1024\" height=\"260\" src=\"https:\/\/training.assetscience.com\/wp-content\/uploads\/2022\/02\/Product-Flow_1-1024x260.png\" alt=\"\" class=\"wp-image-14425\" srcset=\"https:\/\/training.assetscience.com\/wp-content\/uploads\/2022\/02\/Product-Flow_1-1024x260.png 1024w, https:\/\/training.assetscience.com\/wp-content\/uploads\/2022\/02\/Product-Flow_1-300x76.png 300w, https:\/\/training.assetscience.com\/wp-content\/uploads\/2022\/02\/Product-Flow_1-768x195.png 768w, https:\/\/training.assetscience.com\/wp-content\/uploads\/2022\/02\/Product-Flow_1.png 1428w\" sizes=\"(max-width: 1024px) 100vw, 1024px\" \/><\/figure><\/div>\n<\/div><\/div>\n<\/div><\/div><\/div>\n\n\n\n<div class=\"wp-block-qubely-row qubely-section qubely-block-9a4b54\"><div class=\"qubely-row-overlay\"><\/div><div class=\"qubely-container\"><div class=\"qubely-row \">\n<div class=\"wp-block-qubely-column qubely-column qubely-column-front qubely-block-3fa199\"><div class=\"qubely-column-inner\">\n<figure class=\"wp-block-image size-full\"><img loading=\"lazy\" width=\"536\" height=\"556\" src=\"https:\/\/training.assetscience.com\/wp-content\/uploads\/2022\/05\/1-CM.png\" alt=\"\" class=\"wp-image-15993\" srcset=\"https:\/\/training.assetscience.com\/wp-content\/uploads\/2022\/05\/1-CM.png 536w, https:\/\/training.assetscience.com\/wp-content\/uploads\/2022\/05\/1-CM-289x300.png 289w\" sizes=\"(max-width: 536px) 100vw, 536px\" \/><\/figure>\n<\/div><\/div>\n\n\n\n<div class=\"wp-block-qubely-column qubely-column qubely-column-front qubely-block-12252b\"><div class=\"qubely-column-inner\">\n<p>L\u2019objectif de la <strong>Gestion des Clients<\/strong> est de configurer des <strong>Facilit\u00e9s<\/strong>, ajouter des <strong>Utilisateurs<\/strong> avec diff\u00e9rents <strong>r\u00f4les d\u2019acc\u00e8s<\/strong> et les assigner \u00e0 des <strong>\u00c9quipes<\/strong> sp\u00e9cifiques.<\/p>\n<\/div><\/div>\n<\/div><\/div><\/div>\n\n\n\n<div class=\"wp-block-qubely-row qubely-section qubely-block-e3855b\"><div class=\"qubely-row-overlay\"><\/div><div class=\"qubely-container\"><div class=\"qubely-row \">\n<div class=\"wp-block-qubely-column qubely-column qubely-column-front qubely-block-40f7c3\"><div class=\"qubely-column-inner\">\n<figure class=\"wp-block-image size-full\"><img loading=\"lazy\" width=\"536\" height=\"556\" src=\"https:\/\/training.assetscience.com\/wp-content\/uploads\/2022\/05\/2-FC.png\" alt=\"\" class=\"wp-image-15996\" srcset=\"https:\/\/training.assetscience.com\/wp-content\/uploads\/2022\/05\/2-FC.png 536w, https:\/\/training.assetscience.com\/wp-content\/uploads\/2022\/05\/2-FC-289x300.png 289w\" sizes=\"(max-width: 536px) 100vw, 536px\" \/><\/figure>\n<\/div><\/div>\n\n\n\n<div class=\"wp-block-qubely-column qubely-column qubely-column-front qubely-block-0b0b7e\"><div class=\"qubely-column-inner\">\n<p>Les<strong> Codes d&rsquo;Echecs <\/strong>(Fail Codes) ont pour objectif de g\u00e9rer les <strong>Cat\u00e9gories d&rsquo;Echecs <\/strong>(Fail Categories) et les <strong>Codes d&rsquo;Echecs <\/strong>pour les diff\u00e9rentes <strong>Configurations de Test<\/strong> (Test Configurations) et les associer \u00e0 un test sp\u00e9cifique. En m\u00eame temps, cela permet de cr\u00e9er de<strong> Nouveaux Groupes Prioritaires <\/strong>(New Priority Groups) si une <strong>Cat\u00e9gorie d&rsquo;Echec <\/strong>avec des <strong>Codes d&rsquo;Echecs<\/strong> diff\u00e9rents mais dont la <strong>Priorit\u00e9 <\/strong>est la m\u00eame ou diff\u00e9rente est requise.<\/p>\n<\/div><\/div>\n<\/div><\/div><\/div>\n\n\n\n<div class=\"wp-block-qubely-row qubely-section qubely-block-c47453\"><div class=\"qubely-row-overlay\"><\/div><div class=\"qubely-container\"><div class=\"qubely-row \">\n<div class=\"wp-block-qubely-column qubely-column qubely-column-front qubely-block-261695\"><div class=\"qubely-column-inner\">\n<figure class=\"wp-block-image size-full\"><img loading=\"lazy\" width=\"536\" height=\"556\" src=\"https:\/\/training.assetscience.com\/wp-content\/uploads\/2022\/05\/3-TC.png\" alt=\"\" class=\"wp-image-15999\" srcset=\"https:\/\/training.assetscience.com\/wp-content\/uploads\/2022\/05\/3-TC.png 536w, https:\/\/training.assetscience.com\/wp-content\/uploads\/2022\/05\/3-TC-289x300.png 289w\" sizes=\"(max-width: 536px) 100vw, 536px\" \/><\/figure>\n<\/div><\/div>\n\n\n\n<div class=\"wp-block-qubely-column qubely-column qubely-column-front qubely-block-dd83c0\"><div class=\"qubely-column-inner\">\n<p>L\u2019objectif des <strong>Configurations de Tests<\/strong> (Test Configurations) est de permettre de configurer les <strong>Param\u00e8tres, Dupliquer des Tests <\/strong>et <strong>les associer<\/strong> aux diff\u00e9rents <strong>Codes d\u2019\u00c9checs<\/strong>, cr\u00e9er des <strong>D\u00e9pendances<\/strong>, des<strong> Exclusions de Mod\u00e8les<\/strong>, parmi d\u2019autres fonctionnalit\u00e9s.<\/p>\n<\/div><\/div>\n<\/div><\/div><\/div>\n\n\n\n<div class=\"wp-block-qubely-row qubely-section qubely-block-a63620\"><div class=\"qubely-row-overlay\"><\/div><div class=\"qubely-container\"><div class=\"qubely-row \">\n<div class=\"wp-block-qubely-column qubely-column qubely-column-front qubely-block-6750ec\"><div class=\"qubely-column-inner\">\n<figure class=\"wp-block-image size-full\"><img loading=\"lazy\" width=\"535\" height=\"556\" src=\"https:\/\/training.assetscience.com\/wp-content\/uploads\/2022\/05\/4-TSM.png\" alt=\"\" class=\"wp-image-16002\" srcset=\"https:\/\/training.assetscience.com\/wp-content\/uploads\/2022\/05\/4-TSM.png 535w, https:\/\/training.assetscience.com\/wp-content\/uploads\/2022\/05\/4-TSM-289x300.png 289w\" sizes=\"(max-width: 535px) 100vw, 535px\" \/><\/figure>\n<\/div><\/div>\n\n\n\n<div class=\"wp-block-qubely-column qubely-column qubely-column-front qubely-block-8c2d4e\"><div class=\"qubely-column-inner\">\n<p>L\u2019objectif de la <strong>Gestion des Suites de Tests<\/strong> (Test Suite Management) est de permettre de configurer une nouvelle <strong>Suite de Tests<\/strong> avec une s\u00e9quence sp\u00e9cifique, <strong>Nombre d\u2019audits des op\u00e9rateurs<\/strong>, <strong>Limite d\u2019Audits<\/strong> et mode d\u2019affichage des <strong>Codes d\u2019\u00c9checs<\/strong>, parmi d\u2019autres fonctionnalit\u00e9s.<\/p>\n<\/div><\/div>\n<\/div><\/div><\/div>\n\n\n\n<div class=\"wp-block-qubely-row qubely-section qubely-block-424288\"><div class=\"qubely-row-overlay\"><\/div><div class=\"qubely-container\"><div class=\"qubely-row \">\n<div class=\"wp-block-qubely-column qubely-column qubely-column-front qubely-block-93f4c6\"><div class=\"qubely-column-inner\">\n<figure class=\"wp-block-image size-full\"><img loading=\"lazy\" width=\"536\" height=\"556\" src=\"https:\/\/training.assetscience.com\/wp-content\/uploads\/2022\/05\/5-PM.png\" alt=\"\" class=\"wp-image-16005\" srcset=\"https:\/\/training.assetscience.com\/wp-content\/uploads\/2022\/05\/5-PM.png 536w, https:\/\/training.assetscience.com\/wp-content\/uploads\/2022\/05\/5-PM-289x300.png 289w\" sizes=\"(max-width: 536px) 100vw, 536px\" \/><\/figure>\n<\/div><\/div>\n\n\n\n<div class=\"wp-block-qubely-column qubely-column qubely-column-front qubely-block-909013\"><div class=\"qubely-column-inner\">\n<p>Le but de la <strong>Gestion des Programmes <\/strong>(Program Management) est de rajouter une<strong> Suite de Service(s) (<\/strong>Service Suite)en utilisant<strong> un Modele par D\u00e9faut <\/strong>(Default Template)<strong>o<\/strong>u en copiant une <strong>Suite existante <\/strong>(Existing Suite)<strong>.<\/strong><\/p>\n<\/div><\/div>\n<\/div><\/div><\/div>\n\n\n\n<div class=\"wp-block-qubely-row qubely-section qubely-block-9b397e\"><div class=\"qubely-row-overlay\"><\/div><div class=\"qubely-container\"><div class=\"qubely-row \">\n<div class=\"wp-block-qubely-column qubely-column qubely-column-front qubely-block-65b192\"><div class=\"qubely-column-inner\">\n<figure class=\"wp-block-image size-full\"><img loading=\"lazy\" width=\"537\" height=\"557\" src=\"https:\/\/training.assetscience.com\/wp-content\/uploads\/2022\/05\/6-CFE.png\" alt=\"\" class=\"wp-image-16008\" srcset=\"https:\/\/training.assetscience.com\/wp-content\/uploads\/2022\/05\/6-CFE.png 537w, https:\/\/training.assetscience.com\/wp-content\/uploads\/2022\/05\/6-CFE-289x300.png 289w\" sizes=\"(max-width: 537px) 100vw, 537px\" \/><\/figure>\n<\/div><\/div>\n\n\n\n<div class=\"wp-block-qubely-column qubely-column qubely-column-front qubely-block-01cfd4\"><div class=\"qubely-column-inner\">\n<p><strong>L&rsquo;Editeur de Champs Personnalis\u00e9s <\/strong>(Custom Fields Editor) permet d&rsquo;ajouter des<strong> champs personnalis\u00e9s <\/strong>devant \u00eatre ex\u00e9cuter dans<strong> Pro-Diagnostics Desktop <\/strong>lors de la connexion ou \u00e0 la fin de chaque processus.<\/p>\n<\/div><\/div>\n<\/div><\/div><\/div>\n\n\n\n<div class=\"wp-block-qubely-row qubely-section qubely-block-bac45d\"><div class=\"qubely-row-overlay\"><\/div><div class=\"qubely-container\"><div class=\"qubely-row \">\n<div class=\"wp-block-qubely-column qubely-column qubely-column-front qubely-block-ca4424\"><div class=\"qubely-column-inner\">\n<figure class=\"wp-block-image size-full\"><img loading=\"lazy\" width=\"536\" height=\"556\" src=\"https:\/\/training.assetscience.com\/wp-content\/uploads\/2022\/05\/7-CD.png\" alt=\"\" class=\"wp-image-16011\" srcset=\"https:\/\/training.assetscience.com\/wp-content\/uploads\/2022\/05\/7-CD.png 536w, https:\/\/training.assetscience.com\/wp-content\/uploads\/2022\/05\/7-CD-289x300.png 289w\" sizes=\"(max-width: 536px) 100vw, 536px\" \/><\/figure>\n<\/div><\/div>\n\n\n\n<div class=\"wp-block-qubely-column qubely-column qubely-column-front qubely-block-e9b7d1\"><div class=\"qubely-column-inner\">\n<p>L\u2019objectif du <strong>D\u00e9ploiement du Client<\/strong> (Client Deployment) est de d\u00e9ployer tous les fichiers et configurations ex\u00e9cut\u00e9s dans les 6 modules pr\u00e9c\u00e9dents dans <strong>Pro-Diagnostics Desktop &amp; Mobile.<\/strong><\/p>\n<\/div><\/div>\n<\/div><\/div><\/div>\n","protected":false},"excerpt":{"rendered":"","protected":false},"author":2,"featured_media":0,"parent":0,"menu_order":0,"comment_status":"closed","ping_status":"closed","template":"","meta":{"qubely_global_settings":"","qubely_interactions":"","_tutorstarter_page_metadata":{"sidebar_select":"","footer_select":"","page_title_toggle":true,"header_toggle":false,"header_trans_toggle":false,"footer_toggle":false}},"_links":{"self":[{"href":"https:\/\/training.assetscience.com\/fr\/wp-json\/wp\/v2\/pages\/16037"}],"collection":[{"href":"https:\/\/training.assetscience.com\/fr\/wp-json\/wp\/v2\/pages"}],"about":[{"href":"https:\/\/training.assetscience.com\/fr\/wp-json\/wp\/v2\/types\/page"}],"author":[{"embeddable":true,"href":"https:\/\/training.assetscience.com\/fr\/wp-json\/wp\/v2\/users\/2"}],"replies":[{"embeddable":true,"href":"https:\/\/training.assetscience.com\/fr\/wp-json\/wp\/v2\/comments?post=16037"}],"version-history":[{"count":2,"href":"https:\/\/training.assetscience.com\/fr\/wp-json\/wp\/v2\/pages\/16037\/revisions"}],"predecessor-version":[{"id":16041,"href":"https:\/\/training.assetscience.com\/fr\/wp-json\/wp\/v2\/pages\/16037\/revisions\/16041"}],"wp:attachment":[{"href":"https:\/\/training.assetscience.com\/fr\/wp-json\/wp\/v2\/media?parent=16037"}],"curies":[{"name":"wp","href":"https:\/\/api.w.org\/{rel}","templated":true}]}}