{"id":15061,"date":"2022-02-17T16:59:22","date_gmt":"2022-02-17T16:59:22","guid":{"rendered":"https:\/\/training.assetscience.com\/?page_id=15061"},"modified":"2022-05-11T15:57:52","modified_gmt":"2022-05-11T15:57:52","slug":"15061-2","status":"publish","type":"page","link":"https:\/\/training.assetscience.com\/fr\/","title":{"rendered":"Home FR"},"content":{"rendered":"\n<div class=\"wp-block-qubely-row qubely-section qubely-block-aeb84f\"><div class=\"qubely-row-overlay\"><\/div><div class=\"qubely-container\"><div class=\"qubely-row \">\n<div class=\"wp-block-qubely-column qubely-column qubely-column-front qubely-block-a5e8a5\"><div class=\"qubely-column-inner\">\n<figure class=\"wp-block-image alignfull size-full is-style-default\"><img loading=\"lazy\" width=\"516\" height=\"118\" src=\"https:\/\/training.assetscience.com\/wp-content\/uploads\/2022\/02\/Pro-D-Training-portal.png\" alt=\"\" class=\"wp-image-14396\" srcset=\"https:\/\/training.assetscience.com\/wp-content\/uploads\/2022\/02\/Pro-D-Training-portal.png 516w, https:\/\/training.assetscience.com\/wp-content\/uploads\/2022\/02\/Pro-D-Training-portal-300x69.png 300w\" sizes=\"(max-width: 516px) 100vw, 516px\" \/><\/figure>\n<\/div><\/div>\n\n\n\n<div class=\"wp-block-qubely-column qubely-column qubely-column-front qubely-block-f27410\"><div class=\"qubely-column-inner\"><\/div><\/div>\n\n\n\n<div class=\"wp-block-qubely-column qubely-column qubely-column-front qubely-block-ee2735\"><div class=\"qubely-column-inner\"><\/div><\/div>\n<\/div><\/div><\/div>\n\n\n\n<div class=\"wp-block-qubely-row qubely-section qubely-block-0f80c9\"><div class=\"qubely-row-overlay\"><\/div><div class=\"qubely-container\"><div class=\"qubely-row \">\n<div class=\"wp-block-qubely-column qubely-column qubely-column-front qubely-block-9123a3\"><div class=\"qubely-column-inner\">\n<p>Afin de tester une configuration dans <strong>Pro-Diagnostics Desktop &amp; Mobile<\/strong>,&nbsp;il est n\u00e9cessaire de suivre dans le <strong>Control Center<\/strong> chacune des \u00e9tapes d\u00e9crites dans le sch\u00e9ma ci-dessous et dans l&rsquo;ordre indiqu\u00e9. (Pour en savoir plus sur les \u00e9tapes d\u00e9taill\u00e9es, consultez les guides d&rsquo;utilisateur et les vid\u00e9os r\u00e9pertori\u00e9s sur la page ci-dessous).<\/p>\n<\/div><\/div>\n<\/div><\/div><\/div>\n\n\n\n<div class=\"wp-block-qubely-row qubely-section qubely-block-ab5537\"><div class=\"qubely-row-overlay\"><\/div><div class=\"qubely-container\"><div class=\"qubely-row \">\n<div class=\"wp-block-qubely-column qubely-column qubely-column-front qubely-block-823cbd\"><div class=\"qubely-column-inner\">\n<h3 class=\"has-text-align-center\" id=\"product-flow\">Flux de Produit<\/h3>\n\n\n\n<div style=\"height:20px\" aria-hidden=\"true\" class=\"wp-block-spacer\"><\/div>\n\n\n\n<div class=\"wp-block-image\"><figure class=\"aligncenter size-large is-resized\"><a href=\"https:\/\/training.assetscience.com\/fr\/flux-de-produit\/\"><img loading=\"lazy\" src=\"https:\/\/training.assetscience.com\/wp-content\/uploads\/2022\/02\/Product-Flow_1-1024x260.png\" alt=\"\" class=\"wp-image-14425\" width=\"1024\" height=\"260\" srcset=\"https:\/\/training.assetscience.com\/wp-content\/uploads\/2022\/02\/Product-Flow_1-1024x260.png 1024w, https:\/\/training.assetscience.com\/wp-content\/uploads\/2022\/02\/Product-Flow_1-300x76.png 300w, https:\/\/training.assetscience.com\/wp-content\/uploads\/2022\/02\/Product-Flow_1-768x195.png 768w, https:\/\/training.assetscience.com\/wp-content\/uploads\/2022\/02\/Product-Flow_1.png 1428w\" sizes=\"(max-width: 1024px) 100vw, 1024px\" \/><\/a><\/figure><\/div>\n<\/div><\/div>\n<\/div><\/div><\/div>\n\n\n\n<div class=\"wp-block-qubely-divider qubely-block-1fe983\"><div class=\"qubely-block-divider \"><div class=\"qubely-block-divider-style-fill\"><\/div><\/div><\/div>\n\n\n\n<div class=\"wp-block-qubely-row qubely-section qubely-block-b2cd21\"><div class=\"qubely-row-overlay\"><\/div><div class=\"qubely-container\"><div class=\"qubely-row \">\n<div class=\"wp-block-qubely-column qubely-column qubely-column-front qubely-block-f93e91\"><div class=\"qubely-column-inner\">\n<h3 class=\"has-text-align-center\" id=\"product-flow\">Flux de Processus<\/h3>\n\n\n\n<div style=\"height:40px\" aria-hidden=\"true\" class=\"wp-block-spacer\"><\/div>\n\n\n\n<div class=\"wp-block-image\"><figure class=\"aligncenter size-large\"><img loading=\"lazy\" width=\"1024\" height=\"528\" src=\"https:\/\/training.assetscience.com\/wp-content\/uploads\/2022\/02\/Process-Flow_1-1024x528.png\" alt=\"\" class=\"wp-image-14428\" srcset=\"https:\/\/training.assetscience.com\/wp-content\/uploads\/2022\/02\/Process-Flow_1-1024x528.png 1024w, https:\/\/training.assetscience.com\/wp-content\/uploads\/2022\/02\/Process-Flow_1-300x155.png 300w, https:\/\/training.assetscience.com\/wp-content\/uploads\/2022\/02\/Process-Flow_1-768x396.png 768w, https:\/\/training.assetscience.com\/wp-content\/uploads\/2022\/02\/Process-Flow_1.png 1272w\" sizes=\"(max-width: 1024px) 100vw, 1024px\" \/><\/figure><\/div>\n<\/div><\/div>\n<\/div><\/div><\/div>\n\n\n\n<div class=\"wp-block-qubely-row qubely-section qubely-block-0456e5\"><div class=\"qubely-row-overlay\"><\/div><div class=\"qubely-container\"><div class=\"qubely-row \">\n<div class=\"wp-block-qubely-column qubely-column qubely-column-front qubely-block-3f06a7\"><div class=\"qubely-column-inner\">\n<div class=\"wp-block-qubely-button qubely-block-e81aea\"><div class=\"qubely-block-btn-wrapper \"><div class=\"qubely-block-btn\"><a class=\"qubely-block-btn-anchor is-large\" href=\"https:\/\/training.assetscience.com\/fr\/opetateur\/\">Cours pour les op\u00e9rateurs<\/a><\/div><\/div><\/div>\n<\/div><\/div>\n\n\n\n<div class=\"wp-block-qubely-column qubely-column qubely-column-front qubely-block-2fe338\"><div class=\"qubely-column-inner\">\n<div class=\"wp-block-qubely-button qubely-block-36156d\"><div class=\"qubely-block-btn-wrapper \"><div class=\"qubely-block-btn\"><a class=\"qubely-block-btn-anchor is-large\" href=\"https:\/\/training.assetscience.com\/fr\/technique\/\">Cours techniques<\/a><\/div><\/div><\/div>\n<\/div><\/div>\n\n\n\n<div class=\"wp-block-qubely-column qubely-column qubely-column-front qubely-block-50d308\"><div class=\"qubely-column-inner\">\n<div class=\"wp-block-qubely-button qubely-block-7a8aa3\"><div class=\"qubely-block-btn-wrapper \"><div class=\"qubely-block-btn\"><a class=\"qubely-block-btn-anchor is-large\" href=\"https:\/\/training.assetscience.com\/fr\/rapports\/\">Cours sur les rapports<\/a><\/div><\/div><\/div>\n<\/div><\/div>\n<\/div><\/div><\/div>\n","protected":false},"excerpt":{"rendered":"","protected":false},"author":2,"featured_media":0,"parent":0,"menu_order":0,"comment_status":"closed","ping_status":"closed","template":"","meta":{"qubely_global_settings":"","qubely_interactions":"","_tutorstarter_page_metadata":{"sidebar_select":"","footer_select":"","page_title_toggle":true,"header_toggle":false,"header_trans_toggle":false,"footer_toggle":false}},"_links":{"self":[{"href":"https:\/\/training.assetscience.com\/fr\/wp-json\/wp\/v2\/pages\/15061"}],"collection":[{"href":"https:\/\/training.assetscience.com\/fr\/wp-json\/wp\/v2\/pages"}],"about":[{"href":"https:\/\/training.assetscience.com\/fr\/wp-json\/wp\/v2\/types\/page"}],"author":[{"embeddable":true,"href":"https:\/\/training.assetscience.com\/fr\/wp-json\/wp\/v2\/users\/2"}],"replies":[{"embeddable":true,"href":"https:\/\/training.assetscience.com\/fr\/wp-json\/wp\/v2\/comments?post=15061"}],"version-history":[{"count":6,"href":"https:\/\/training.assetscience.com\/fr\/wp-json\/wp\/v2\/pages\/15061\/revisions"}],"predecessor-version":[{"id":16039,"href":"https:\/\/training.assetscience.com\/fr\/wp-json\/wp\/v2\/pages\/15061\/revisions\/16039"}],"wp:attachment":[{"href":"https:\/\/training.assetscience.com\/fr\/wp-json\/wp\/v2\/media?parent=15061"}],"curies":[{"name":"wp","href":"https:\/\/api.w.org\/{rel}","templated":true}]}}