{"id":16033,"date":"2022-05-10T21:13:21","date_gmt":"2022-05-10T21:13:21","guid":{"rendered":"https:\/\/training.assetscience.com\/?page_id=16033"},"modified":"2022-05-11T15:41:35","modified_gmt":"2022-05-11T15:41:35","slug":"flujo-de-producto","status":"publish","type":"page","link":"https:\/\/training.assetscience.com\/es\/flujo-de-producto\/","title":{"rendered":"Flujo de Producto"},"content":{"rendered":"\n<div class=\"wp-block-qubely-row qubely-section qubely-block-78be2e\"><div class=\"qubely-row-overlay\"><\/div><div class=\"qubely-container\"><div class=\"qubely-row \">\n<div class=\"wp-block-qubely-column qubely-column qubely-column-front qubely-block-1b7480\"><div class=\"qubely-column-inner\">\n<div class=\"wp-block-qubely-heading qubely-block-3864c4\"><div class=\"qubely-block-heading  \"><div class=\"qubely-heading-container\"><h2 class=\"qubely-heading-selector\">Pro-Diagnostics <br>Flujo de Producto<\/h2><\/div><\/div><\/div>\n\n\n\n<div class=\"wp-block-image\"><figure class=\"aligncenter size-large\"><img loading=\"lazy\" width=\"1024\" height=\"260\" src=\"https:\/\/training.assetscience.com\/wp-content\/uploads\/2022\/02\/Product-Flow_1-1024x260.png\" alt=\"\" class=\"wp-image-14425\" srcset=\"https:\/\/training.assetscience.com\/wp-content\/uploads\/2022\/02\/Product-Flow_1-1024x260.png 1024w, https:\/\/training.assetscience.com\/wp-content\/uploads\/2022\/02\/Product-Flow_1-300x76.png 300w, https:\/\/training.assetscience.com\/wp-content\/uploads\/2022\/02\/Product-Flow_1-768x195.png 768w, https:\/\/training.assetscience.com\/wp-content\/uploads\/2022\/02\/Product-Flow_1.png 1428w\" sizes=\"(max-width: 1024px) 100vw, 1024px\" \/><\/figure><\/div>\n<\/div><\/div>\n<\/div><\/div><\/div>\n\n\n\n<div class=\"wp-block-qubely-row qubely-section qubely-block-0dd988\"><div class=\"qubely-row-overlay\"><\/div><div class=\"qubely-container\"><div class=\"qubely-row \">\n<div class=\"wp-block-qubely-column qubely-column qubely-column-front qubely-block-2bad79\"><div class=\"qubely-column-inner\">\n<figure class=\"wp-block-image size-full\"><img loading=\"lazy\" width=\"536\" height=\"556\" src=\"https:\/\/training.assetscience.com\/wp-content\/uploads\/2022\/05\/1-CM.png\" alt=\"\" class=\"wp-image-15993\" srcset=\"https:\/\/training.assetscience.com\/wp-content\/uploads\/2022\/05\/1-CM.png 536w, https:\/\/training.assetscience.com\/wp-content\/uploads\/2022\/05\/1-CM-289x300.png 289w\" sizes=\"(max-width: 536px) 100vw, 536px\" \/><\/figure>\n<\/div><\/div>\n\n\n\n<div class=\"wp-block-qubely-column qubely-column qubely-column-front qubely-block-f74cd9\"><div class=\"qubely-column-inner\">\n<p>El prop\u00f3sito de <strong>Administraci\u00f3n de Clientes<\/strong> es configurar <strong>Locaciones<\/strong>, a\u00f1adir <strong>Usuarios<\/strong> con diferentes <strong>roles de acceso<\/strong> y asignarlos a <strong>Equipos<\/strong> espec\u00edficos.<\/p>\n<\/div><\/div>\n<\/div><\/div><\/div>\n\n\n\n<div class=\"wp-block-qubely-row qubely-section qubely-block-3b819f\"><div class=\"qubely-row-overlay\"><\/div><div class=\"qubely-container\"><div class=\"qubely-row \">\n<div class=\"wp-block-qubely-column qubely-column qubely-column-front qubely-block-7cdc7a\"><div class=\"qubely-column-inner\">\n<figure class=\"wp-block-image size-full\"><img loading=\"lazy\" width=\"536\" height=\"556\" src=\"https:\/\/training.assetscience.com\/wp-content\/uploads\/2022\/05\/2-FC.png\" alt=\"\" class=\"wp-image-15996\" srcset=\"https:\/\/training.assetscience.com\/wp-content\/uploads\/2022\/05\/2-FC.png 536w, https:\/\/training.assetscience.com\/wp-content\/uploads\/2022\/05\/2-FC-289x300.png 289w\" sizes=\"(max-width: 536px) 100vw, 536px\" \/><\/figure>\n<\/div><\/div>\n\n\n\n<div class=\"wp-block-qubely-column qubely-column qubely-column-front qubely-block-badbc7\"><div class=\"qubely-column-inner\">\n<p>El prop\u00f3sito del m\u00f3dulo <strong>C\u00f3digos de Falla <\/strong>(Fail Codes) es permitir administrar las <strong>Categor\u00edas de Falla<\/strong> (Fail Categories) y los <strong>C\u00f3digos de Falla <\/strong>en<strong> <\/strong>cada <strong>Configuracion de Pruebas <\/strong>(Test Configurations) y como asociarlos a una prueba espec\u00edfica. Al mismo tiempo, permite crear <strong>Nuevos Grupos de Prioridad<\/strong> (New Priority Groups) si se requiere una <strong>Categor\u00eda de Falla <\/strong>con diferentes <strong>C\u00f3digos de Falla <\/strong>pero con la misma o diferente <strong>Prioridad.<\/strong><\/p>\n<\/div><\/div>\n<\/div><\/div><\/div>\n\n\n\n<div class=\"wp-block-qubely-row qubely-section qubely-block-082f81\"><div class=\"qubely-row-overlay\"><\/div><div class=\"qubely-container\"><div class=\"qubely-row \">\n<div class=\"wp-block-qubely-column qubely-column qubely-column-front qubely-block-8923b9\"><div class=\"qubely-column-inner\">\n<figure class=\"wp-block-image size-full\"><img loading=\"lazy\" width=\"536\" height=\"556\" src=\"https:\/\/training.assetscience.com\/wp-content\/uploads\/2022\/05\/3-TC.png\" alt=\"\" class=\"wp-image-15999\" srcset=\"https:\/\/training.assetscience.com\/wp-content\/uploads\/2022\/05\/3-TC.png 536w, https:\/\/training.assetscience.com\/wp-content\/uploads\/2022\/05\/3-TC-289x300.png 289w\" sizes=\"(max-width: 536px) 100vw, 536px\" \/><\/figure>\n<\/div><\/div>\n\n\n\n<div class=\"wp-block-qubely-column qubely-column qubely-column-front qubely-block-41c173\"><div class=\"qubely-column-inner\">\n<p>El prop\u00f3sito de <strong>Configuraci\u00f3n de Pruebas<\/strong> (Test Configurations) es permitir la configuraci\u00f3n de <strong>Par\u00e1metros<\/strong>, <strong>Duplicar Pruebas<\/strong> y <strong>asociarlas<\/strong> a diferentes <strong>C\u00f3digos de Falla<\/strong>, crear <strong>Dependencias<\/strong>, y <strong>Exclusiones de Modelos<\/strong>, entre otras caracter\u00edsticas.<\/p>\n<\/div><\/div>\n<\/div><\/div><\/div>\n\n\n\n<div class=\"wp-block-qubely-row qubely-section qubely-block-41d631\"><div class=\"qubely-row-overlay\"><\/div><div class=\"qubely-container\"><div class=\"qubely-row \">\n<div class=\"wp-block-qubely-column qubely-column qubely-column-front qubely-block-bfea9d\"><div class=\"qubely-column-inner\">\n<figure class=\"wp-block-image size-full\"><img loading=\"lazy\" width=\"535\" height=\"556\" src=\"https:\/\/training.assetscience.com\/wp-content\/uploads\/2022\/05\/4-TSM.png\" alt=\"\" class=\"wp-image-16002\" srcset=\"https:\/\/training.assetscience.com\/wp-content\/uploads\/2022\/05\/4-TSM.png 535w, https:\/\/training.assetscience.com\/wp-content\/uploads\/2022\/05\/4-TSM-289x300.png 289w\" sizes=\"(max-width: 535px) 100vw, 535px\" \/><\/figure>\n<\/div><\/div>\n\n\n\n<div class=\"wp-block-qubely-column qubely-column qubely-column-front qubely-block-85f39c\"><div class=\"qubely-column-inner\">\n<p>El prop\u00f3sito de <strong>Administraci\u00f3n de Conjunto de Pruebas <\/strong>es permitir la configuraci\u00f3n de un nuevo <strong>Conjunto de Pruebas<\/strong> (Test Suite) <strong>c<\/strong>on una secuencia espec\u00edfica, <strong>N\u00famero de Auditor\u00edas de Operador <\/strong>(Operator Audits)<strong>,<\/strong> el <strong>Rango<\/strong> <strong>de Auditor\u00eda <\/strong>(Audit Threshold)<strong> <\/strong>y como se mostrarian los <strong>C\u00f3digos de Falla<\/strong> (Fail Codes), entre otras caracter\u00edsticas.<\/p>\n<\/div><\/div>\n<\/div><\/div><\/div>\n\n\n\n<div class=\"wp-block-qubely-row qubely-section qubely-block-a59c5d\"><div class=\"qubely-row-overlay\"><\/div><div class=\"qubely-container\"><div class=\"qubely-row \">\n<div class=\"wp-block-qubely-column qubely-column qubely-column-front qubely-block-75d243\"><div class=\"qubely-column-inner\">\n<figure class=\"wp-block-image size-full\"><img loading=\"lazy\" width=\"536\" height=\"556\" src=\"https:\/\/training.assetscience.com\/wp-content\/uploads\/2022\/05\/5-PM.png\" alt=\"\" class=\"wp-image-16005\" srcset=\"https:\/\/training.assetscience.com\/wp-content\/uploads\/2022\/05\/5-PM.png 536w, https:\/\/training.assetscience.com\/wp-content\/uploads\/2022\/05\/5-PM-289x300.png 289w\" sizes=\"(max-width: 536px) 100vw, 536px\" \/><\/figure>\n<\/div><\/div>\n\n\n\n<div class=\"wp-block-qubely-column qubely-column qubely-column-front qubely-block-1e975e\"><div class=\"qubely-column-inner\">\n<p>El prop\u00f3sito de <strong>Administraci\u00f3n de Programas<\/strong> es agregar un <strong>Conjunto de Servicios<\/strong> (Service Suite) usando una <strong>Plantilla Predeterminada <\/strong>(Default Template) o copiandolo de un <strong>Conjunto de Servicios Existente(<\/strong>Existing suite).<\/p>\n<\/div><\/div>\n<\/div><\/div><\/div>\n\n\n\n<div class=\"wp-block-qubely-row qubely-section qubely-block-3d3be9\"><div class=\"qubely-row-overlay\"><\/div><div class=\"qubely-container\"><div class=\"qubely-row \">\n<div class=\"wp-block-qubely-column qubely-column qubely-column-front qubely-block-4f621f\"><div class=\"qubely-column-inner\">\n<figure class=\"wp-block-image size-full\"><img loading=\"lazy\" width=\"537\" height=\"557\" src=\"https:\/\/training.assetscience.com\/wp-content\/uploads\/2022\/05\/6-CFE.png\" alt=\"\" class=\"wp-image-16008\" srcset=\"https:\/\/training.assetscience.com\/wp-content\/uploads\/2022\/05\/6-CFE.png 537w, https:\/\/training.assetscience.com\/wp-content\/uploads\/2022\/05\/6-CFE-289x300.png 289w\" sizes=\"(max-width: 537px) 100vw, 537px\" \/><\/figure>\n<\/div><\/div>\n\n\n\n<div class=\"wp-block-qubely-column qubely-column qubely-column-front qubely-block-b76d8d\"><div class=\"qubely-column-inner\">\n<p>El <strong>Editor de Campos Personalizados<\/strong> permite a\u00f1adir <strong>campos personalizados<\/strong> para ser ejecutados dentro de <strong>Pro-Diagnostics Desktop<\/strong> durante el<strong> Inicio de Sesi\u00f3n<\/strong> o al <strong>final<\/strong> de cada proceso que se corre.<\/p>\n<\/div><\/div>\n<\/div><\/div><\/div>\n\n\n\n<div class=\"wp-block-qubely-row qubely-section qubely-block-6680ea\"><div class=\"qubely-row-overlay\"><\/div><div class=\"qubely-container\"><div class=\"qubely-row \">\n<div class=\"wp-block-qubely-column qubely-column qubely-column-front qubely-block-3a1994\"><div class=\"qubely-column-inner\">\n<figure class=\"wp-block-image size-full\"><img loading=\"lazy\" width=\"536\" height=\"556\" src=\"https:\/\/training.assetscience.com\/wp-content\/uploads\/2022\/05\/7-CD.png\" alt=\"\" class=\"wp-image-16011\" srcset=\"https:\/\/training.assetscience.com\/wp-content\/uploads\/2022\/05\/7-CD.png 536w, https:\/\/training.assetscience.com\/wp-content\/uploads\/2022\/05\/7-CD-289x300.png 289w\" sizes=\"(max-width: 536px) 100vw, 536px\" \/><\/figure>\n<\/div><\/div>\n\n\n\n<div class=\"wp-block-qubely-column qubely-column qubely-column-front qubely-block-7f9ac7\"><div class=\"qubely-column-inner\">\n<p>El modulo de I<strong>mplementaci\u00f3n <\/strong>tiene como objetivo implementar<strong> <\/strong>todos los archivos y configuraciones realizadas en los 6 m\u00f3dulos anteriores a <strong>Pro-Diagnostics Desktop &amp; Mobile<\/strong>.<\/p>\n<\/div><\/div>\n<\/div><\/div><\/div>\n","protected":false},"excerpt":{"rendered":"","protected":false},"author":2,"featured_media":0,"parent":0,"menu_order":0,"comment_status":"closed","ping_status":"closed","template":"","meta":{"qubely_global_settings":"","qubely_interactions":"","_tutorstarter_page_metadata":{"sidebar_select":"","footer_select":"","page_title_toggle":true,"header_toggle":false,"header_trans_toggle":false,"footer_toggle":false}},"_links":{"self":[{"href":"https:\/\/training.assetscience.com\/es\/wp-json\/wp\/v2\/pages\/16033"}],"collection":[{"href":"https:\/\/training.assetscience.com\/es\/wp-json\/wp\/v2\/pages"}],"about":[{"href":"https:\/\/training.assetscience.com\/es\/wp-json\/wp\/v2\/types\/page"}],"author":[{"embeddable":true,"href":"https:\/\/training.assetscience.com\/es\/wp-json\/wp\/v2\/users\/2"}],"replies":[{"embeddable":true,"href":"https:\/\/training.assetscience.com\/es\/wp-json\/wp\/v2\/comments?post=16033"}],"version-history":[{"count":1,"href":"https:\/\/training.assetscience.com\/es\/wp-json\/wp\/v2\/pages\/16033\/revisions"}],"predecessor-version":[{"id":16034,"href":"https:\/\/training.assetscience.com\/es\/wp-json\/wp\/v2\/pages\/16033\/revisions\/16034"}],"wp:attachment":[{"href":"https:\/\/training.assetscience.com\/es\/wp-json\/wp\/v2\/media?parent=16033"}],"curies":[{"name":"wp","href":"https:\/\/api.w.org\/{rel}","templated":true}]}}