{"id":14876,"date":"2022-02-17T16:59:22","date_gmt":"2022-02-17T16:59:22","guid":{"rendered":"https:\/\/training.assetscience.com\/?page_id=14876"},"modified":"2022-05-11T15:43:39","modified_gmt":"2022-05-11T15:43:39","slug":"home-sp","status":"publish","type":"page","link":"https:\/\/training.assetscience.com\/es\/","title":{"rendered":"Home SP"},"content":{"rendered":"\n<div class=\"wp-block-qubely-row qubely-section qubely-block-27f94f\"><div class=\"qubely-row-overlay\"><\/div><div class=\"qubely-container\"><div class=\"qubely-row \">\n<div class=\"wp-block-qubely-column qubely-column qubely-column-front qubely-block-83c2d1\"><div class=\"qubely-column-inner\">\n<figure class=\"wp-block-image alignfull size-full is-style-default\"><img loading=\"lazy\" width=\"516\" height=\"118\" src=\"https:\/\/training.assetscience.com\/wp-content\/uploads\/2022\/02\/Pro-D-Training-portal.png\" alt=\"\" class=\"wp-image-14396\" srcset=\"https:\/\/training.assetscience.com\/wp-content\/uploads\/2022\/02\/Pro-D-Training-portal.png 516w, https:\/\/training.assetscience.com\/wp-content\/uploads\/2022\/02\/Pro-D-Training-portal-300x69.png 300w\" sizes=\"(max-width: 516px) 100vw, 516px\" \/><\/figure>\n<\/div><\/div>\n\n\n\n<div class=\"wp-block-qubely-column qubely-column qubely-column-front qubely-block-9b9e5c\"><div class=\"qubely-column-inner\"><\/div><\/div>\n\n\n\n<div class=\"wp-block-qubely-column qubely-column qubely-column-front qubely-block-548251\"><div class=\"qubely-column-inner\"><\/div><\/div>\n<\/div><\/div><\/div>\n\n\n\n<div class=\"wp-block-qubely-row qubely-section qubely-block-eae3c2\"><div class=\"qubely-row-overlay\"><\/div><div class=\"qubely-container\"><div class=\"qubely-row \">\n<div class=\"wp-block-qubely-column qubely-column qubely-column-front qubely-block-430686\"><div class=\"qubely-column-inner\">\n<p>Para probar una configuraci\u00f3n en <strong>Pro-Diagnostics Desktop &amp; Mobile<\/strong>, es necesario configurar en el <strong>Centro de Control<\/strong> cada uno de los pasos descritos en el diagrama a continuaci\u00f3n y en el orden indicado. (Para conocer los pasos detallados, visite las gu\u00edas de usuario y los videos que se enumeran a continuaci\u00f3n en esta p\u00e1gina).<\/p>\n<\/div><\/div>\n<\/div><\/div><\/div>\n\n\n\n<div class=\"wp-block-qubely-row qubely-section qubely-block-260b20\"><div class=\"qubely-row-overlay\"><\/div><div class=\"qubely-container\"><div class=\"qubely-row \">\n<div class=\"wp-block-qubely-column qubely-column qubely-column-front qubely-block-e189d0\"><div class=\"qubely-column-inner\">\n<h3 class=\"has-text-align-center\" id=\"product-flow\">Flujo de Producto<\/h3>\n\n\n\n<div style=\"height:20px\" aria-hidden=\"true\" class=\"wp-block-spacer\"><\/div>\n\n\n\n<div class=\"wp-block-image\"><figure class=\"aligncenter size-large is-resized\"><a href=\"https:\/\/training.assetscience.com\/es\/flujo-de-producto\/\"><img loading=\"lazy\" src=\"https:\/\/training.assetscience.com\/wp-content\/uploads\/2022\/02\/Product-Flow_1-1024x260.png\" alt=\"\" class=\"wp-image-14425\" width=\"1024\" height=\"260\" srcset=\"https:\/\/training.assetscience.com\/wp-content\/uploads\/2022\/02\/Product-Flow_1-1024x260.png 1024w, https:\/\/training.assetscience.com\/wp-content\/uploads\/2022\/02\/Product-Flow_1-300x76.png 300w, https:\/\/training.assetscience.com\/wp-content\/uploads\/2022\/02\/Product-Flow_1-768x195.png 768w, https:\/\/training.assetscience.com\/wp-content\/uploads\/2022\/02\/Product-Flow_1.png 1428w\" sizes=\"(max-width: 1024px) 100vw, 1024px\" \/><\/a><\/figure><\/div>\n<\/div><\/div>\n<\/div><\/div><\/div>\n\n\n\n<div class=\"wp-block-qubely-divider qubely-block-9070fe\"><div class=\"qubely-block-divider \"><div class=\"qubely-block-divider-style-fill\"><\/div><\/div><\/div>\n\n\n\n<div class=\"wp-block-qubely-row qubely-section qubely-block-c645a6\"><div class=\"qubely-row-overlay\"><\/div><div class=\"qubely-container\"><div class=\"qubely-row \">\n<div class=\"wp-block-qubely-column qubely-column qubely-column-front qubely-block-416a0b\"><div class=\"qubely-column-inner\">\n<h3 class=\"has-text-align-center\" id=\"product-flow\">Flujo de Proceso<\/h3>\n\n\n\n<div style=\"height:40px\" aria-hidden=\"true\" class=\"wp-block-spacer\"><\/div>\n\n\n\n<div class=\"wp-block-image\"><figure class=\"aligncenter size-large\"><img loading=\"lazy\" width=\"1024\" height=\"530\" src=\"http:\/\/training.assetscience.com\/wp-content\/uploads\/2022\/03\/Process-Flow-SP-1024x530.png\" alt=\"\" class=\"wp-image-14882\" srcset=\"https:\/\/training.assetscience.com\/wp-content\/uploads\/2022\/03\/Process-Flow-SP-1024x530.png 1024w, https:\/\/training.assetscience.com\/wp-content\/uploads\/2022\/03\/Process-Flow-SP-300x155.png 300w, https:\/\/training.assetscience.com\/wp-content\/uploads\/2022\/03\/Process-Flow-SP-768x397.png 768w, https:\/\/training.assetscience.com\/wp-content\/uploads\/2022\/03\/Process-Flow-SP.png 1268w\" sizes=\"(max-width: 1024px) 100vw, 1024px\" \/><\/figure><\/div>\n<\/div><\/div>\n<\/div><\/div><\/div>\n\n\n\n<div class=\"wp-block-qubely-row qubely-section qubely-block-44705b\"><div class=\"qubely-row-overlay\"><\/div><div class=\"qubely-container\"><div class=\"qubely-row \">\n<div class=\"wp-block-qubely-column qubely-column qubely-column-front qubely-block-c5597b\"><div class=\"qubely-column-inner\">\n<div class=\"wp-block-qubely-button qubely-block-c2c02f\"><div class=\"qubely-block-btn-wrapper \"><div class=\"qubely-block-btn\"><a class=\"qubely-block-btn-anchor is-large\" href=\"https:\/\/training.assetscience.com\/es\/operadores\/\">Cursos para Operadores<\/a><\/div><\/div><\/div>\n<\/div><\/div>\n\n\n\n<div class=\"wp-block-qubely-column qubely-column qubely-column-front qubely-block-5823c0\"><div class=\"qubely-column-inner\">\n<div class=\"wp-block-qubely-button qubely-block-b6df3c\"><div class=\"qubely-block-btn-wrapper \"><div class=\"qubely-block-btn\"><a class=\"qubely-block-btn-anchor is-large\" href=\"https:\/\/training.assetscience.com\/es\/tecnico\/\">Cursos T\u00e9cnicos<\/a><\/div><\/div><\/div>\n<\/div><\/div>\n\n\n\n<div class=\"wp-block-qubely-column qubely-column qubely-column-front qubely-block-aa2381\"><div class=\"qubely-column-inner\">\n<div class=\"wp-block-qubely-button qubely-block-e03666\"><div class=\"qubely-block-btn-wrapper \"><div class=\"qubely-block-btn\"><a class=\"qubely-block-btn-anchor is-large\" href=\"https:\/\/training.assetscience.com\/es\/reportes\/\">Cursos de Reportes<\/a><\/div><\/div><\/div>\n<\/div><\/div>\n<\/div><\/div><\/div>\n","protected":false},"excerpt":{"rendered":"","protected":false},"author":2,"featured_media":0,"parent":0,"menu_order":0,"comment_status":"closed","ping_status":"closed","template":"","meta":{"qubely_global_settings":"","qubely_interactions":"","_tutorstarter_page_metadata":{"sidebar_select":"","footer_select":"","page_title_toggle":true,"header_toggle":false,"header_trans_toggle":false,"footer_toggle":false}},"_links":{"self":[{"href":"https:\/\/training.assetscience.com\/es\/wp-json\/wp\/v2\/pages\/14876"}],"collection":[{"href":"https:\/\/training.assetscience.com\/es\/wp-json\/wp\/v2\/pages"}],"about":[{"href":"https:\/\/training.assetscience.com\/es\/wp-json\/wp\/v2\/types\/page"}],"author":[{"embeddable":true,"href":"https:\/\/training.assetscience.com\/es\/wp-json\/wp\/v2\/users\/2"}],"replies":[{"embeddable":true,"href":"https:\/\/training.assetscience.com\/es\/wp-json\/wp\/v2\/comments?post=14876"}],"version-history":[{"count":9,"href":"https:\/\/training.assetscience.com\/es\/wp-json\/wp\/v2\/pages\/14876\/revisions"}],"predecessor-version":[{"id":16061,"href":"https:\/\/training.assetscience.com\/es\/wp-json\/wp\/v2\/pages\/14876\/revisions\/16061"}],"wp:attachment":[{"href":"https:\/\/training.assetscience.com\/es\/wp-json\/wp\/v2\/media?parent=14876"}],"curies":[{"name":"wp","href":"https:\/\/api.w.org\/{rel}","templated":true}]}}